{"id":198,"date":"2020-04-26T21:08:50","date_gmt":"2020-04-26T21:08:50","guid":{"rendered":"http:\/\/www.compugenios.com.mx\/?page_id=198"},"modified":"2020-05-13T02:05:43","modified_gmt":"2020-05-13T02:05:43","slug":"contacto","status":"publish","type":"page","link":"https:\/\/www.compugenios.com.mx\/?page_id=198","title":{"rendered":"Contacto"},"content":{"rendered":"\n<div class=\"wp-block-image is-style-circle-mask\"><figure class=\"alignright size-large is-resized\"><img loading=\"lazy\" src=\"http:\/\/www.compugenios.com.mx\/wp-content\/uploads\/2020\/03\/cell-communicating-communication-internet-513260-1024x683.jpg\" alt=\"\" class=\"wp-image-327\" width=\"464\" height=\"309\" srcset=\"https:\/\/www.compugenios.com.mx\/wp-content\/uploads\/2020\/03\/cell-communicating-communication-internet-513260-1024x683.jpg 1024w, https:\/\/www.compugenios.com.mx\/wp-content\/uploads\/2020\/03\/cell-communicating-communication-internet-513260-300x200.jpg 300w, https:\/\/www.compugenios.com.mx\/wp-content\/uploads\/2020\/03\/cell-communicating-communication-internet-513260-768x512.jpg 768w, https:\/\/www.compugenios.com.mx\/wp-content\/uploads\/2020\/03\/cell-communicating-communication-internet-513260-1536x1024.jpg 1536w, https:\/\/www.compugenios.com.mx\/wp-content\/uploads\/2020\/03\/cell-communicating-communication-internet-513260-2048x1365.jpg 2048w, https:\/\/www.compugenios.com.mx\/wp-content\/uploads\/2020\/03\/cell-communicating-communication-internet-513260-465x310.jpg 465w, https:\/\/www.compugenios.com.mx\/wp-content\/uploads\/2020\/03\/cell-communicating-communication-internet-513260-695x463.jpg 695w\" sizes=\"(max-width: 464px) 100vw, 464px\" \/><\/figure><\/div>\n\n\n<p><!--StartFragment--><\/p>\n\n\n<p>Deseas establecer contacto con nosotros y convertirte en un cliente satisfecho m\u00e1s de nuestra empresa?<\/p>\n\n\n\n<p><strong>Ven y ll\u00e9vate una gran\nimpresi\u00f3n <\/strong><\/p>\n\n\n\n<p><\/p>\n\n\n\n<p>Horario: &nbsp;lunes a viernes, de 9 a 18 hrs.<\/p>\n\n\n\n<p>No tardes, deja tus datos y nosotros estaremos listos para ayudarte con tus dudas y\/o pr\u00f3ximo proyecto en se\u00f1alizaci\u00f3n, sellos y mucho m\u00e1s.<\/p>\n\n\n\n<p>M\u00e1s cerca de ti. !<\/p>\n\n\n\n<p class=\"has-text-color has-vivid-red-color\">Direcci\u00f3n:&nbsp;Av. Toltecas No. 1 A, Col. San Javier, Tlalnepantla, Edo de M\u00e9xico. C.P. 54030. <\/p>\n\n\n\n<div class=\"wp-block-media-text alignwide is-vertically-aligned-center\" style=\"grid-template-columns:10% auto\"><figure class=\"wp-block-media-text__media\"><img loading=\"lazy\" width=\"225\" height=\"225\" src=\"http:\/\/www.compugenios.com.mx\/wp-content\/uploads\/2020\/05\/phone3d.jpg\" alt=\"\" class=\"wp-image-791\"\/><\/figure><div class=\"wp-block-media-text__content\">\n<p class=\"has-normal-font-size\">Tel\u00e9fonos: (55) 5565-2114 y (55)5390-9621.<\/p>\n<\/div><\/div>\n\n\n\n<div class=\"wp-block-media-text alignwide is-stacked-on-mobile is-vertically-aligned-center\" style=\"grid-template-columns:10% auto\"><figure class=\"wp-block-media-text__media\"><img loading=\"lazy\" width=\"225\" height=\"225\" src=\"http:\/\/www.compugenios.com.mx\/wp-content\/uploads\/2020\/05\/email3d2.jpg\" alt=\"\" class=\"wp-image-795\"\/><\/figure><div class=\"wp-block-media-text__content\">\n<p class=\"has-text-color has-normal-font-size has-vivid-cyan-blue-color\">Correo electr\u00f3nico: <a href=\"mailto:ventas@compumac.mx\" target=\"_blank\" rel=\"noreferrer noopener\">ventas@compumac.mx<\/a><\/p>\n<\/div><\/div>\n\n\n\n<div class=\"wp-block-media-text alignwide is-stacked-on-mobile is-vertically-aligned-center\" style=\"grid-template-columns:10% auto\"><figure class=\"wp-block-media-text__media\"><img loading=\"lazy\" width=\"225\" height=\"225\" src=\"http:\/\/www.compugenios.com.mx\/wp-content\/uploads\/2020\/05\/messenger3.jpg\" alt=\"\" class=\"wp-image-798\"\/><\/figure><div class=\"wp-block-media-text__content\">\n<p>Messenger: @CompumacMex<\/p>\n<\/div><\/div>\n\n\n\n<div class=\"wp-block-media-text alignwide is-stacked-on-mobile is-vertically-aligned-center\" style=\"grid-template-columns:10% auto\"><figure class=\"wp-block-media-text__media\"><img loading=\"lazy\" width=\"225\" height=\"225\" src=\"http:\/\/www.compugenios.com.mx\/wp-content\/uploads\/2020\/05\/twitter3.jpg\" alt=\"\" class=\"wp-image-782\"\/><\/figure><div class=\"wp-block-media-text__content\">\n<p>Twitter: @CompumacM<\/p>\n<\/div><\/div>\n\n\n\n<div class=\"wp-block-media-text alignwide is-stacked-on-mobile is-vertically-aligned-center\" style=\"grid-template-columns:10% auto\"><figure class=\"wp-block-media-text__media\"><img loading=\"lazy\" width=\"225\" height=\"225\" src=\"http:\/\/www.compugenios.com.mx\/wp-content\/uploads\/2020\/05\/whatsaap.jpg\" alt=\"\" class=\"wp-image-784\"\/><\/figure><div class=\"wp-block-media-text__content\">\n<p>Whatsapp:<\/p>\n<\/div><\/div>\n\n\n\n<p><\/p>\n\n\n\n<p class=\"has-medium-font-size\"><strong>Deja tus datos y a la brevedad posible, te contactamos<\/strong><\/p>\n\n\n<div class=\"wpforms-container wpforms-container-full\" id=\"wpforms-236\"><form id=\"wpforms-form-236\" class=\"wpforms-validate wpforms-form\" data-formid=\"236\" method=\"post\" enctype=\"multipart\/form-data\" action=\"\/index.php?rest_route=%2Fwp%2Fv2%2Fpages%2F198\" data-token=\"d06b6a2c5a6130e2966b6c0308f6e1c2\"><noscript class=\"wpforms-error-noscript\">Please enable JavaScript in your browser to complete this form.<\/noscript><div class=\"wpforms-field-container\"><div id=\"wpforms-236-field_1-container\" class=\"wpforms-field wpforms-field-email\" data-field-id=\"1\"><label class=\"wpforms-field-label\" for=\"wpforms-236-field_1\">Correo electr\u00f3nico <span class=\"wpforms-required-label\">*<\/span><\/label><input type=\"email\" id=\"wpforms-236-field_1\" class=\"wpforms-field-medium wpforms-field-required\" name=\"wpforms[fields][1]\" required><\/div><div id=\"wpforms-236-field_2-container\" class=\"wpforms-field wpforms-field-textarea\" data-field-id=\"2\"><label class=\"wpforms-field-label\" for=\"wpforms-236-field_2\">Plat\u00edcanos en que te podemos ayudar: <span class=\"wpforms-required-label\">*<\/span><\/label><textarea id=\"wpforms-236-field_2\" class=\"wpforms-field-medium wpforms-field-required\" name=\"wpforms[fields][2]\" required><\/textarea><\/div><\/div><div class=\"wpforms-field wpforms-field-hp\"><label for=\"wpforms-236-field-hp\" class=\"wpforms-field-label\">Name<\/label><input type=\"text\" name=\"wpforms[hp]\" id=\"wpforms-236-field-hp\" class=\"wpforms-field-medium\"><\/div><div class=\"wpforms-submit-container\"><input type=\"hidden\" name=\"wpforms[id]\" value=\"236\"><input type=\"hidden\" name=\"wpforms[author]\" value=\"1\"><button type=\"submit\" name=\"wpforms[submit]\" id=\"wpforms-submit-236\" class=\"wpforms-submit\" data-alt-text=\"Enviando...\" data-submit-text=\"Enviar\" aria-live=\"assertive\" value=\"wpforms-submit\">Enviar<\/button><\/div><\/form><\/div>  <!-- .wpforms-container -->\n\n\n<p><\/p>\n","protected":false},"excerpt":{"rendered":"<p>Deseas establecer contacto con nosotros y convertirte en un cliente satisfecho m\u00e1s de nuestra empresa? Ven y ll\u00e9vate una gran impresi\u00f3n Horario: &nbsp;lunes a viernes, de 9 a 18 hrs. No tardes, deja tus datos y nosotros estaremos listos para ayudarte con tus dudas y\/o pr\u00f3ximo proyecto en se\u00f1alizaci\u00f3n, sellos<span class=\"more-link\"><a href=\"https:\/\/www.compugenios.com.mx\/?page_id=198\">Continue Reading<\/a><\/span><\/p>\n","protected":false},"author":1,"featured_media":439,"parent":0,"menu_order":0,"comment_status":"closed","ping_status":"closed","template":"","meta":{"_mi_skip_tracking":false},"_links":{"self":[{"href":"https:\/\/www.compugenios.com.mx\/index.php?rest_route=\/wp\/v2\/pages\/198"}],"collection":[{"href":"https:\/\/www.compugenios.com.mx\/index.php?rest_route=\/wp\/v2\/pages"}],"about":[{"href":"https:\/\/www.compugenios.com.mx\/index.php?rest_route=\/wp\/v2\/types\/page"}],"author":[{"embeddable":true,"href":"https:\/\/www.compugenios.com.mx\/index.php?rest_route=\/wp\/v2\/users\/1"}],"replies":[{"embeddable":true,"href":"https:\/\/www.compugenios.com.mx\/index.php?rest_route=%2Fwp%2Fv2%2Fcomments&post=198"}],"version-history":[{"count":47,"href":"https:\/\/www.compugenios.com.mx\/index.php?rest_route=\/wp\/v2\/pages\/198\/revisions"}],"predecessor-version":[{"id":870,"href":"https:\/\/www.compugenios.com.mx\/index.php?rest_route=\/wp\/v2\/pages\/198\/revisions\/870"}],"wp:featuredmedia":[{"embeddable":true,"href":"https:\/\/www.compugenios.com.mx\/index.php?rest_route=\/wp\/v2\/media\/439"}],"wp:attachment":[{"href":"https:\/\/www.compugenios.com.mx\/index.php?rest_route=%2Fwp%2Fv2%2Fmedia&parent=198"}],"curies":[{"name":"wp","href":"https:\/\/api.w.org\/{rel}","templated":true}]}}