{"id":220,"date":"2020-04-26T21:12:48","date_gmt":"2020-04-26T21:12:48","guid":{"rendered":"http:\/\/www.compugenios.com.mx\/?page_id=220"},"modified":"2020-05-13T01:57:11","modified_gmt":"2020-05-13T01:57:11","slug":"senales","status":"publish","type":"page","link":"https:\/\/www.compugenios.com.mx\/?page_id=220","title":{"rendered":"Se\u00f1alizaci\u00f3n para protecci\u00f3n civil"},"content":{"rendered":"\n<figure class=\"wp-block-video\"><video autoplay controls loop muted src=\"http:\/\/www.compugenios.com.mx\/wp-content\/uploads\/2020\/04\/VID-20200402-WA0017.mp4\"><\/video><\/figure>\n\n\n\n<figure class=\"wp-block-gallery columns-2 is-cropped\"><ul class=\"blocks-gallery-grid\"><li class=\"blocks-gallery-item\"><figure><a href=\"http:\/\/www.compugenios.com.mx\/wp-content\/uploads\/2020\/04\/se\u00f1-c-01-1.png\"><img loading=\"lazy\" width=\"1024\" height=\"968\" src=\"http:\/\/www.compugenios.com.mx\/wp-content\/uploads\/2020\/04\/se\u00f1-c-01-1-1024x968.png\" alt=\"\" data-id=\"625\" data-full-url=\"http:\/\/www.compugenios.com.mx\/wp-content\/uploads\/2020\/04\/se\u00f1-c-01-1.png\" data-link=\"http:\/\/www.compugenios.com.mx\/sen-c-01-2\/\" class=\"wp-image-625\" srcset=\"https:\/\/www.compugenios.com.mx\/wp-content\/uploads\/2020\/04\/se\u00f1-c-01-1-1024x968.png 1024w, https:\/\/www.compugenios.com.mx\/wp-content\/uploads\/2020\/04\/se\u00f1-c-01-1-300x284.png 300w, https:\/\/www.compugenios.com.mx\/wp-content\/uploads\/2020\/04\/se\u00f1-c-01-1-768x726.png 768w, https:\/\/www.compugenios.com.mx\/wp-content\/uploads\/2020\/04\/se\u00f1-c-01-1-1536x1452.png 1536w, https:\/\/www.compugenios.com.mx\/wp-content\/uploads\/2020\/04\/se\u00f1-c-01-1-465x440.png 465w, https:\/\/www.compugenios.com.mx\/wp-content\/uploads\/2020\/04\/se\u00f1-c-01-1-529x500.png 529w, https:\/\/www.compugenios.com.mx\/wp-content\/uploads\/2020\/04\/se\u00f1-c-01-1.png 1632w\" sizes=\"(max-width: 1024px) 100vw, 1024px\" \/><\/a><\/figure><\/li><li class=\"blocks-gallery-item\"><figure><a href=\"http:\/\/www.compugenios.com.mx\/wp-content\/uploads\/2020\/04\/se\u00f1-c-02-1.png\"><img loading=\"lazy\" width=\"1024\" height=\"968\" src=\"http:\/\/www.compugenios.com.mx\/wp-content\/uploads\/2020\/04\/se\u00f1-c-02-1-1024x968.png\" alt=\"\" data-id=\"626\" data-full-url=\"http:\/\/www.compugenios.com.mx\/wp-content\/uploads\/2020\/04\/se\u00f1-c-02-1.png\" data-link=\"http:\/\/www.compugenios.com.mx\/sen-c-02-2\/\" class=\"wp-image-626\" srcset=\"https:\/\/www.compugenios.com.mx\/wp-content\/uploads\/2020\/04\/se\u00f1-c-02-1-1024x968.png 1024w, https:\/\/www.compugenios.com.mx\/wp-content\/uploads\/2020\/04\/se\u00f1-c-02-1-300x284.png 300w, https:\/\/www.compugenios.com.mx\/wp-content\/uploads\/2020\/04\/se\u00f1-c-02-1-768x726.png 768w, https:\/\/www.compugenios.com.mx\/wp-content\/uploads\/2020\/04\/se\u00f1-c-02-1-1536x1452.png 1536w, https:\/\/www.compugenios.com.mx\/wp-content\/uploads\/2020\/04\/se\u00f1-c-02-1-465x440.png 465w, https:\/\/www.compugenios.com.mx\/wp-content\/uploads\/2020\/04\/se\u00f1-c-02-1-529x500.png 529w, https:\/\/www.compugenios.com.mx\/wp-content\/uploads\/2020\/04\/se\u00f1-c-02-1.png 1632w\" sizes=\"(max-width: 1024px) 100vw, 1024px\" \/><\/a><\/figure><\/li><\/ul><\/figure>\n\n\n\n<figure class=\"wp-block-gallery columns-3 is-cropped\"><ul class=\"blocks-gallery-grid\"><li class=\"blocks-gallery-item\"><figure><a href=\"http:\/\/www.compugenios.com.mx\/wp-content\/uploads\/2020\/04\/se\u00f1-c-03-1.png\"><img loading=\"lazy\" width=\"1024\" height=\"1024\" src=\"http:\/\/www.compugenios.com.mx\/wp-content\/uploads\/2020\/04\/se\u00f1-c-03-1-1024x1024.png\" alt=\"\" data-id=\"627\" data-full-url=\"http:\/\/www.compugenios.com.mx\/wp-content\/uploads\/2020\/04\/se\u00f1-c-03-1.png\" data-link=\"http:\/\/www.compugenios.com.mx\/sen-c-03-2\/\" class=\"wp-image-627\" srcset=\"https:\/\/www.compugenios.com.mx\/wp-content\/uploads\/2020\/04\/se\u00f1-c-03-1-1024x1024.png 1024w, https:\/\/www.compugenios.com.mx\/wp-content\/uploads\/2020\/04\/se\u00f1-c-03-1-300x300.png 300w, https:\/\/www.compugenios.com.mx\/wp-content\/uploads\/2020\/04\/se\u00f1-c-03-1-150x150.png 150w, https:\/\/www.compugenios.com.mx\/wp-content\/uploads\/2020\/04\/se\u00f1-c-03-1-768x768.png 768w, https:\/\/www.compugenios.com.mx\/wp-content\/uploads\/2020\/04\/se\u00f1-c-03-1-465x465.png 465w, https:\/\/www.compugenios.com.mx\/wp-content\/uploads\/2020\/04\/se\u00f1-c-03-1-500x500.png 500w, https:\/\/www.compugenios.com.mx\/wp-content\/uploads\/2020\/04\/se\u00f1-c-03-1.png 1065w\" sizes=\"(max-width: 1024px) 100vw, 1024px\" \/><\/a><\/figure><\/li><li class=\"blocks-gallery-item\"><figure><a href=\"http:\/\/www.compugenios.com.mx\/wp-content\/uploads\/2020\/04\/se\u00f1-c-04-1.png\"><img loading=\"lazy\" width=\"1024\" height=\"1024\" src=\"http:\/\/www.compugenios.com.mx\/wp-content\/uploads\/2020\/04\/se\u00f1-c-04-1-1024x1024.png\" alt=\"\" data-id=\"628\" data-full-url=\"http:\/\/www.compugenios.com.mx\/wp-content\/uploads\/2020\/04\/se\u00f1-c-04-1.png\" data-link=\"http:\/\/www.compugenios.com.mx\/sen-c-04-2\/\" class=\"wp-image-628\" srcset=\"https:\/\/www.compugenios.com.mx\/wp-content\/uploads\/2020\/04\/se\u00f1-c-04-1-1024x1024.png 1024w, https:\/\/www.compugenios.com.mx\/wp-content\/uploads\/2020\/04\/se\u00f1-c-04-1-300x300.png 300w, https:\/\/www.compugenios.com.mx\/wp-content\/uploads\/2020\/04\/se\u00f1-c-04-1-150x150.png 150w, https:\/\/www.compugenios.com.mx\/wp-content\/uploads\/2020\/04\/se\u00f1-c-04-1-768x768.png 768w, https:\/\/www.compugenios.com.mx\/wp-content\/uploads\/2020\/04\/se\u00f1-c-04-1-465x465.png 465w, https:\/\/www.compugenios.com.mx\/wp-content\/uploads\/2020\/04\/se\u00f1-c-04-1-500x500.png 500w, https:\/\/www.compugenios.com.mx\/wp-content\/uploads\/2020\/04\/se\u00f1-c-04-1.png 1068w\" sizes=\"(max-width: 1024px) 100vw, 1024px\" \/><\/a><\/figure><\/li><li class=\"blocks-gallery-item\"><figure><a href=\"http:\/\/www.compugenios.com.mx\/wp-content\/uploads\/2020\/04\/se\u00f1-c-05-1.png\"><img loading=\"lazy\" width=\"1024\" height=\"1024\" src=\"http:\/\/www.compugenios.com.mx\/wp-content\/uploads\/2020\/04\/se\u00f1-c-05-1-1024x1024.png\" alt=\"\" data-id=\"623\" data-full-url=\"http:\/\/www.compugenios.com.mx\/wp-content\/uploads\/2020\/04\/se\u00f1-c-05-1.png\" data-link=\"http:\/\/www.compugenios.com.mx\/sen-c-05-2\/\" class=\"wp-image-623\" srcset=\"https:\/\/www.compugenios.com.mx\/wp-content\/uploads\/2020\/04\/se\u00f1-c-05-1-1024x1024.png 1024w, https:\/\/www.compugenios.com.mx\/wp-content\/uploads\/2020\/04\/se\u00f1-c-05-1-300x300.png 300w, https:\/\/www.compugenios.com.mx\/wp-content\/uploads\/2020\/04\/se\u00f1-c-05-1-150x150.png 150w, https:\/\/www.compugenios.com.mx\/wp-content\/uploads\/2020\/04\/se\u00f1-c-05-1-768x768.png 768w, https:\/\/www.compugenios.com.mx\/wp-content\/uploads\/2020\/04\/se\u00f1-c-05-1-465x465.png 465w, https:\/\/www.compugenios.com.mx\/wp-content\/uploads\/2020\/04\/se\u00f1-c-05-1-500x500.png 500w, https:\/\/www.compugenios.com.mx\/wp-content\/uploads\/2020\/04\/se\u00f1-c-05-1.png 1065w\" sizes=\"(max-width: 1024px) 100vw, 1024px\" \/><\/a><\/figure><\/li><\/ul><\/figure>\n","protected":false},"excerpt":{"rendered":"<p><span class=\"more-link\"><a href=\"https:\/\/www.compugenios.com.mx\/?page_id=220\">Continue Reading<\/a><\/span><\/p>\n","protected":false},"author":1,"featured_media":624,"parent":196,"menu_order":0,"comment_status":"closed","ping_status":"closed","template":"","meta":{"_mi_skip_tracking":false},"_links":{"self":[{"href":"https:\/\/www.compugenios.com.mx\/index.php?rest_route=\/wp\/v2\/pages\/220"}],"collection":[{"href":"https:\/\/www.compugenios.com.mx\/index.php?rest_route=\/wp\/v2\/pages"}],"about":[{"href":"https:\/\/www.compugenios.com.mx\/index.php?rest_route=\/wp\/v2\/types\/page"}],"author":[{"embeddable":true,"href":"https:\/\/www.compugenios.com.mx\/index.php?rest_route=\/wp\/v2\/users\/1"}],"replies":[{"embeddable":true,"href":"https:\/\/www.compugenios.com.mx\/index.php?rest_route=%2Fwp%2Fv2%2Fcomments&post=220"}],"version-history":[{"count":10,"href":"https:\/\/www.compugenios.com.mx\/index.php?rest_route=\/wp\/v2\/pages\/220\/revisions"}],"predecessor-version":[{"id":821,"href":"https:\/\/www.compugenios.com.mx\/index.php?rest_route=\/wp\/v2\/pages\/220\/revisions\/821"}],"up":[{"embeddable":true,"href":"https:\/\/www.compugenios.com.mx\/index.php?rest_route=\/wp\/v2\/pages\/196"}],"wp:featuredmedia":[{"embeddable":true,"href":"https:\/\/www.compugenios.com.mx\/index.php?rest_route=\/wp\/v2\/media\/624"}],"wp:attachment":[{"href":"https:\/\/www.compugenios.com.mx\/index.php?rest_route=%2Fwp%2Fv2%2Fmedia&parent=220"}],"curies":[{"name":"wp","href":"https:\/\/api.w.org\/{rel}","templated":true}]}}