{"id":223,"date":"2020-04-26T21:12:48","date_gmt":"2020-04-26T21:12:48","guid":{"rendered":"http:\/\/www.compugenios.com.mx\/?page_id=223"},"modified":"2020-08-22T00:45:29","modified_gmt":"2020-08-22T00:45:29","slug":"aviso-de-privacidad","status":"publish","type":"page","link":"https:\/\/www.compugenios.com.mx\/?page_id=223","title":{"rendered":"Aviso de Privacidad"},"content":{"rendered":"\n<p><br>De conformidad con la Ley Federal de Protecci\u00f3n de Datos Personales en Posesi\u00f3n de los Particulares hacemos de su conocimiento que Blanca Estela Mac\u00edas M\u00e1rquez, con domicilio en avenida Toltecas No. 1A, colonia San Javier, Tlalnepantla, Estado de M\u00e9xico, C.P. 54030, es responsable del uso y protecci\u00f3n de sus datos personales y al respecto le informa lo siguiente:<\/p>\n\n\n\n<p>Su informaci\u00f3n personal ser\u00e1 utilizada para:<\/p>\n\n\n\n<ul><li>Informar de los servicios que ha solicitado, comunicarle sobre cambios en los mismos, cumplir con las obligaciones fiscales necesarias y generar la facturaci\u00f3n correspondiente. Todo ello para facilitar el otorgamiento de una esmerada atenci\u00f3n.<\/li><\/ul>\n\n\n\n<p>Adicionalmente para:<\/p>\n\n\n\n<ul><li>Notificarle sobre nuestras promociones y actualizaciones relacionadas con los servicios ya contratados o adquiridos. En caso de que no desee que su informaci\u00f3n se utilice para este \u00faltimo punto, puede enviar en cualquier momento un correo de &nbsp;inconformidad, sin que ello implique negativa alguna para brindarle el servicio o producto solicitado.<\/li><\/ul>\n\n\n\n<p>Para el cumplimiento de lo antes estipulado, en el presente aviso de privacidad, utilizaremos los siguientes datos personales:<\/p>\n\n\n\n<p>Nombre completo \/persona f\u00edsica<\/p>\n\n\n\n<p>Raz\u00f3n social \/ persona moral<\/p>\n\n\n\n<p>R.F.C.<\/p>\n\n\n\n<p>Domicilio fiscal<\/p>\n\n\n\n<p>Nombre de contacto<\/p>\n\n\n\n<p>Tel\u00e9fono fijo y\/o celular<\/p>\n\n\n\n<p>Correo electr\u00f3nico.<\/p>\n\n\n\n<p>Le informamos que usted tiene derecho a:<\/p>\n\n\n\n<ul><li>Conocer el uso, utilizaci\u00f3n y condiciones que damos a su informaci\u00f3n (Acceso).<\/li><li>&nbsp;Solicitar la correcci\u00f3n de su informaci\u00f3n personal en caso de que est\u00e9 desactualizada, sea inexacta o incompleta (Rectificaci\u00f3n).<\/li><li>Eliminar o revocar de nuestros registros o bases de datos su informaci\u00f3n si considera que no est\u00e1 siendo utilizada conforme a los principios, deberes y obligaciones previstas en la normatividad (Cancelaci\u00f3n).<\/li><li>Oponerse al tratamiento de los mismos para fines espec\u00edficos (Oposici\u00f3n).<\/li><\/ul>\n\n\n\n<p>Estos derechos se conocen como derechos ARCO.<\/p>\n\n\n\n<p>Para el ejercicio de cualquiera de los derechos ARCO usted podr\u00e1 realizar la solicitud respectiva al siguiente correo electr\u00f3nico: <a href=\"mailto:ventas@compumac.mx\">ventas@compumac.mx<\/a><\/p>\n\n\n\n<p>Cualquier modificaci\u00f3n a este aviso de privacidad podr\u00e1 consultarla en la siguiente p\u00e1gina de internet: <a href=\"http:\/\/www.compugenios.comx.mx\">www.compugenios.comx.mx<\/a><\/p>\n","protected":false},"excerpt":{"rendered":"<p>Y as\u00ed, cuidamos tus datos personales, conforme a la Ley.<span class=\"more-link\"><a href=\"https:\/\/www.compugenios.com.mx\/?page_id=223\">Continue Reading<\/a><\/span><\/p>\n","protected":false},"author":1,"featured_media":230,"parent":0,"menu_order":0,"comment_status":"closed","ping_status":"closed","template":"","meta":{"_mi_skip_tracking":false},"_links":{"self":[{"href":"https:\/\/www.compugenios.com.mx\/index.php?rest_route=\/wp\/v2\/pages\/223"}],"collection":[{"href":"https:\/\/www.compugenios.com.mx\/index.php?rest_route=\/wp\/v2\/pages"}],"about":[{"href":"https:\/\/www.compugenios.com.mx\/index.php?rest_route=\/wp\/v2\/types\/page"}],"author":[{"embeddable":true,"href":"https:\/\/www.compugenios.com.mx\/index.php?rest_route=\/wp\/v2\/users\/1"}],"replies":[{"embeddable":true,"href":"https:\/\/www.compugenios.com.mx\/index.php?rest_route=%2Fwp%2Fv2%2Fcomments&post=223"}],"version-history":[{"count":9,"href":"https:\/\/www.compugenios.com.mx\/index.php?rest_route=\/wp\/v2\/pages\/223\/revisions"}],"predecessor-version":[{"id":871,"href":"https:\/\/www.compugenios.com.mx\/index.php?rest_route=\/wp\/v2\/pages\/223\/revisions\/871"}],"wp:featuredmedia":[{"embeddable":true,"href":"https:\/\/www.compugenios.com.mx\/index.php?rest_route=\/wp\/v2\/media\/230"}],"wp:attachment":[{"href":"https:\/\/www.compugenios.com.mx\/index.php?rest_route=%2Fwp%2Fv2%2Fmedia&parent=223"}],"curies":[{"name":"wp","href":"https:\/\/api.w.org\/{rel}","templated":true}]}}